{"id":142,"date":"2025-05-09T01:09:57","date_gmt":"2025-05-09T01:09:57","guid":{"rendered":"https:\/\/unionizecmhc.wpenginepowered.com\/?page_id=142"},"modified":"2025-12-22T16:41:08","modified_gmt":"2025-12-22T16:41:08","slug":"sign-a-card","status":"publish","type":"page","link":"https:\/\/unionizecmhc.ca\/fr\/sign-a-card\/","title":{"rendered":"Signez une carte"},"content":{"rendered":"<div data-elementor-type=\"wp-page\" data-elementor-id=\"142\" class=\"elementor elementor-142\" data-elementor-post-type=\"page\">\n\t\t\t\t\t\t<section class=\"elementor-section elementor-top-section elementor-element elementor-element-6bb888f3 elementor-section-boxed elementor-section-height-default elementor-section-height-default\" data-id=\"6bb888f3\" data-element_type=\"section\" data-e-type=\"section\" data-settings=\"{&quot;background_background&quot;:&quot;classic&quot;}\">\n\t\t\t\t\t\t\t<div class=\"elementor-background-overlay\"><\/div>\n\t\t\t\t\t\t\t<div class=\"elementor-container elementor-column-gap-no\">\n\t\t\t\t\t<div class=\"elementor-column elementor-col-100 elementor-top-column elementor-element elementor-element-65960727\" data-id=\"65960727\" data-element_type=\"column\" data-e-type=\"column\" data-settings=\"{&quot;background_background&quot;:&quot;classic&quot;}\">\n\t\t\t<div class=\"elementor-widget-wrap elementor-element-populated\">\n\t\t\t\t\t\t<div class=\"elementor-element elementor-element-14be935b elementor-widget elementor-widget-theme-post-title elementor-page-title elementor-widget-heading\" data-id=\"14be935b\" data-element_type=\"widget\" data-e-type=\"widget\" data-widget_type=\"theme-post-title.default\">\n\t\t\t\t<div class=\"elementor-widget-container\">\n\t\t\t\t\t<h1 class=\"elementor-heading-title elementor-size-default\">Signez une carte<\/h1>\t\t\t\t<\/div>\n\t\t\t\t<\/div>\n\t\t\t\t\t<\/div>\n\t\t<\/div>\n\t\t\t\t\t<\/div>\n\t\t<\/section>\n\t\t\t\t<section class=\"elementor-section elementor-top-section elementor-element elementor-element-8e67d17 elementor-reverse-tablet elementor-reverse-mobile elementor-section-boxed elementor-section-height-default elementor-section-height-default\" data-id=\"8e67d17\" data-element_type=\"section\" data-e-type=\"section\">\n\t\t\t\t\t\t<div class=\"elementor-container elementor-column-gap-no\">\n\t\t\t\t\t<div class=\"elementor-column elementor-col-100 elementor-top-column elementor-element elementor-element-464a399\" data-id=\"464a399\" data-element_type=\"column\" data-e-type=\"column\">\n\t\t\t<div class=\"elementor-widget-wrap elementor-element-populated\">\n\t\t\t\t\t\t<div class=\"elementor-element elementor-element-bf7b88e elementor-widget elementor-widget-heading\" data-id=\"bf7b88e\" data-element_type=\"widget\" data-e-type=\"widget\" data-widget_type=\"heading.default\">\n\t\t\t\t<div class=\"elementor-widget-container\">\n\t\t\t\t\t<h5 class=\"elementor-heading-title elementor-size-default\">Cartes syndicales<\/h5>\t\t\t\t<\/div>\n\t\t\t\t<\/div>\n\t\t\t\t<div class=\"elementor-element elementor-element-1a7eb3c elementor-widget elementor-widget-text-editor\" data-id=\"1a7eb3c\" data-element_type=\"widget\" data-e-type=\"widget\" data-widget_type=\"text-editor.default\">\n\t\t\t\t<div class=\"elementor-widget-container\">\n\t\t\t\t\t\t\t\t\t<p>Les employ\u00e9es et employ\u00e9s signent une carte syndicale pour autoriser le syndicat \u00e0 les repr\u00e9senter dans le cadre des n\u00e9gociations avec leur employeur. Les lois f\u00e9d\u00e9rales du travail exigent que chacune de ces personnes verse 5 $ au syndicat au moment de signer leur carte.<\/p><p>*Si au moins 35 % des employ\u00e9s signent une carte d\u2019adh\u00e9sion, le Conseil canadien des relations industrielles (CCRI) ordonnera la tenue d\u2019un scrutin pour d\u00e9terminer si les employ\u00e9s souhaitent se syndiquer.<br><br>\n\n* Si plus de 50 % des travailleuses et travailleurs ont sign\u00e9 une carte syndicale, le CCRI peut accr\u00e9diter le syndicat sans tenir de scrutin.<\/p><p><a href=\"https:\/\/cirb-ccri.gc.ca\/fr\/concernant-appels-demandes-plaints\/relations-travail-accreditation#toc-id-6\" target=\"_blank\" rel=\"noopener\">En savoir plus<\/a><\/p>\t\t\t\t\t\t\t\t<\/div>\n\t\t\t\t<\/div>\n\t\t\t\t<div class=\"elementor-element elementor-element-6aaed61 elementor-align-center elementor-widget elementor-widget-button\" data-id=\"6aaed61\" data-element_type=\"widget\" data-e-type=\"widget\" data-widget_type=\"button.default\">\n\t\t\t\t<div class=\"elementor-widget-container\">\n\t\t\t\t\t\t\t\t\t<div class=\"elementor-button-wrapper\">\n\t\t\t\t\t<a class=\"elementor-button elementor-button-link elementor-size-sm\" href=\"https:\/\/psac-afpc-349794.workflowcloud.com\/forms\/e153a65f-5401-4959-92f1-4344e19bc082?Language=French&amp;OrgGroup=ON&amp;jr=FD&amp;cp=CanadaMortgageandHousingCorporation&amp;pr=Y\" target=\"_blank\" id=\"en-button\">\n\t\t\t\t\t\t<span class=\"elementor-button-content-wrapper\">\n\t\t\t\t\t\t\t\t\t<span class=\"elementor-button-text\">Signez une carte<\/span>\n\t\t\t\t\t<\/span>\n\t\t\t\t\t<\/a>\n\t\t\t\t<\/div>\n\t\t\t\t\t\t\t\t<\/div>\n\t\t\t\t<\/div>\n\t\t\t\t<div class=\"elementor-element elementor-element-2fa6cea elementor-align-center elementor-widget elementor-widget-button\" data-id=\"2fa6cea\" data-element_type=\"widget\" data-e-type=\"widget\" data-widget_type=\"button.default\">\n\t\t\t\t<div class=\"elementor-widget-container\">\n\t\t\t\t\t\t\t\t\t<div class=\"elementor-button-wrapper\">\n\t\t\t\t\t<a class=\"elementor-button elementor-button-link elementor-size-sm\" href=\"https:\/\/psac-afpc-349794.workflowcloud.com\/forms\/e153a65f-5401-4959-92f1-4344e19bc082?Language=French&#038;OrgGroup=ON&#038;jr=FD&#038;cp=Canada%20Mortgage%20and%20Housing%20Corporation&#038;pr=Y\" target=\"_blank\" id=\"fr-button\">\n\t\t\t\t\t\t<span class=\"elementor-button-content-wrapper\">\n\t\t\t\t\t\t\t\t\t<span class=\"elementor-button-text\">Signez une carte<\/span>\n\t\t\t\t\t<\/span>\n\t\t\t\t\t<\/a>\n\t\t\t\t<\/div>\n\t\t\t\t\t\t\t\t<\/div>\n\t\t\t\t<\/div>\n\t\t\t\t\t<\/div>\n\t\t<\/div>\n\t\t\t\t\t<\/div>\n\t\t<\/section>\n\t\t\t\t<\/div>","protected":false},"excerpt":{"rendered":"<p>ABOUT CARDS Employees sign cards applying for membership in the union and authorizing the union to represent them in negotiations with their employer. Federal labour law requires unions to collect $5 from each employee when they sign a membership card. If at least 35 per cent of the employees sign membership cards, the Canada Industrial [&hellip;]<\/p>\n","protected":false},"author":1,"featured_media":0,"parent":0,"menu_order":0,"comment_status":"closed","ping_status":"closed","template":"","meta":{"footnotes":""},"class_list":["post-142","page","type-page","status-publish","hentry"],"jetpack_sharing_enabled":true,"_links":{"self":[{"href":"https:\/\/unionizecmhc.ca\/fr\/wp-json\/wp\/v2\/pages\/142","targetHints":{"allow":["GET"]}}],"collection":[{"href":"https:\/\/unionizecmhc.ca\/fr\/wp-json\/wp\/v2\/pages"}],"about":[{"href":"https:\/\/unionizecmhc.ca\/fr\/wp-json\/wp\/v2\/types\/page"}],"author":[{"embeddable":true,"href":"https:\/\/unionizecmhc.ca\/fr\/wp-json\/wp\/v2\/users\/1"}],"replies":[{"embeddable":true,"href":"https:\/\/unionizecmhc.ca\/fr\/wp-json\/wp\/v2\/comments?post=142"}],"version-history":[{"count":0,"href":"https:\/\/unionizecmhc.ca\/fr\/wp-json\/wp\/v2\/pages\/142\/revisions"}],"wp:attachment":[{"href":"https:\/\/unionizecmhc.ca\/fr\/wp-json\/wp\/v2\/media?parent=142"}],"curies":[{"name":"wp","href":"https:\/\/api.w.org\/{rel}","templated":true}]}}